{"id":148,"date":"2020-09-07T17:51:42","date_gmt":"2020-09-07T14:51:42","guid":{"rendered":"http:\/\/www.cetsaniplik.com\/?page_id=148"},"modified":"2020-09-07T19:17:15","modified_gmt":"2020-09-07T16:17:15","slug":"gizlilik-ve-cerez-politikasi","status":"publish","type":"page","link":"https:\/\/www.cetsaniplik.com\/en\/gizlilik-ve-cerez-politikasi","title":{"rendered":"Gizlilik ve \u00c7erez Politikas\u0131"},"content":{"rendered":"<h1 class=\"wp-block-heading\">1. <strong>\u0130NTERNET S\u0130TES\u0130 G\u0130ZL\u0130L\u0130K VE \u00c7EREZ POL\u0130T\u0130KASI\u00a0<\/strong><\/h1>\r\n\r\n<p>&nbsp;<\/p>\r\n\r\n<p><strong>\u00c7ETSAN \u0130PL\u0130K TEKST\u0130L \u0130N\u015e. MADENC\u0130L\u0130K SANAY\u0130 ve T\u0130CARET LTD. \u015eT\u0130. <\/strong>taraf\u0131ndan i\u015fletilen <a href=\"http:\/\/www.cetsaniplik.com\"><strong>www.cetsaniplik.com<\/strong><\/a> internet sitesini ziyaret edenlerin gizlili\u011fini korumak \u015eirketimizin \u00f6nde gelen ilkelerindendir. \u0130nternet Sitesi Gizlilik Politikas\u0131 ile; (1) Veri Sahiplerinin ki\u015fisel verilerinin i\u015flenmesi, (2) \u00c7erez Politikas\u0131 ve (3) \u0130nternet Sitesi Gizlilik Politikas\u0131\u2019n\u0131n y\u00fcr\u00fcrl\u00fc\u011f\u00fc hakk\u0131nda a\u00e7\u0131klamalar yap\u0131lmaktad\u0131r.<\/p>\r\n\r\n<p>&nbsp;<\/p>\r\n\r\n<h2 class=\"wp-block-heading\">1.1\u00a0\u00a0\u00a0\u00a0\u00a0\u00a0 Veri Sahiplerinin Ki\u015fisel Verilerinin \u0130\u015flenmesi<\/h2>\r\n\r\n<p>&nbsp;<\/p>\r\n\r\n<p>\u0130nternet sitemizi ziyaret etmeniz s\u0131ras\u0131nda elde edilen ki\u015fisel veriler, veri sorumlusu olarak \u015eirket taraf\u0131ndan 6698 say\u0131l\u0131 Ki\u015fisel Verilerin Korunmas\u0131 Kanunu (\u201c<strong>Kanun<\/strong>\u201d) uyar\u0131nca a\u015fa\u011f\u0131da a\u00e7\u0131klanan kapsamda i\u015flenebilecektir. Ki\u015fisel verilerinizin i\u015flenmesine ili\u015fkin detayl\u0131 bilgilere, <a href=\"http:\/\/www.cetsaniplik.com\">www.cetsaniplik.com<\/a> internet adresinden ula\u015fabilirsiniz.<\/p>\r\n\r\n<p>&nbsp;<\/p>\r\n\r\n<h2 class=\"wp-block-heading\">1.2\u00a0\u00a0\u00a0\u00a0\u00a0\u00a0 Ki\u015fisel Verilerinizin \u0130\u015flenme Amac\u0131<\/h2>\r\n\r\n<p>&nbsp;<\/p>\r\n\r\n<p>\u0130nternet Sitemizi ziyaret etmeniz dolay\u0131s\u0131yla elde edilen ki\u015fisel verileriniz a\u015fa\u011f\u0131da s\u0131ralanan ama\u00e7larla \u015eirket taraf\u0131ndan Kanun\u2019un 5. ve 6. maddelerine uygun olarak i\u015flenebilecektir:<\/p>\r\n\r\n<p>&nbsp;<\/p>\r\n\r\n<ul class=\"wp-block-list\">\r\n<li>\u015eirket taraf\u0131ndan y\u00fcr\u00fct\u00fclen ticari faaliyetlerin ger\u00e7ekle\u015ftirilmesi i\u00e7in ilgili i\u015f birimlerimiz taraf\u0131ndan gerekli \u00e7al\u0131\u015fmalar\u0131n yap\u0131lmas\u0131 ve buna ba\u011fl\u0131 i\u015f s\u00fcre\u00e7lerinin y\u00fcr\u00fct\u00fclmesi,<\/li>\r\n<li>\u015eirket taraf\u0131ndan sunulan \u00fcr\u00fcn ve hizmetlerden ilgili ki\u015fileri faydaland\u0131rmak i\u00e7in gerekli \u00e7al\u0131\u015fmalar\u0131n i\u015f birimlerimiz taraf\u0131ndan yap\u0131lmas\u0131 ve ilgili i\u015f s\u00fcre\u00e7lerinin y\u00fcr\u00fct\u00fclmesi,<\/li>\r\n<li>\u015eirket taraf\u0131ndan sunulan \u00fcr\u00fcn ve hizmetlerin ilgili ki\u015filerin be\u011feni, kullan\u0131m al\u0131\u015fkanl\u0131klar\u0131 ve ihtiya\u00e7lar\u0131na g\u00f6re \u00f6zelle\u015ftirilerek ilgili ki\u015filere \u00f6nerilmesi ve tan\u0131t\u0131lmas\u0131 i\u00e7in gerekli olan aktivitelerin planlanmas\u0131 ve icras\u0131<\/li>\r\n<\/ul>\r\n\r\n<p>&nbsp;<\/p>\r\n\r\n<h2 class=\"wp-block-heading\">1.3\u00a0\u00a0\u00a0\u00a0\u00a0\u00a0 Ki\u015fisel Verilerinizin Aktar\u0131ld\u0131\u011f\u0131 Taraflar Ve Aktar\u0131m Amac\u0131<\/h2>\r\n\r\n<p>&nbsp;<\/p>\r\n\r\n<p>\u0130nternet sitemizi ziyaret etmeniz dolay\u0131s\u0131yla elde edilen ki\u015fisel verileriniz, ki\u015fisel verilerinizin i\u015flenme ama\u00e7lar\u0131 do\u011frultusunda, i\u015f ortaklar\u0131m\u0131za, tedarik\u00e7ilerimize kanunen yetkili kamu kurumlar\u0131na ve \u00f6zel ki\u015filere KVK Kanunu\u2019nun 8. ve 9. maddelerinde belirtilen ki\u015fisel veri i\u015fleme \u015fartlar\u0131 ve ama\u00e7lar\u0131 dahilinde aktar\u0131labilecektir.<\/p>\r\n\r\n<p>&nbsp;<\/p>\r\n\r\n<h2 class=\"wp-block-heading\">1.4\u00a0\u00a0\u00a0\u00a0\u00a0\u00a0 Ki\u015fisel Verilerinizin Toplanma Y\u00f6ntemi Ve Hukuki Sebebi<\/h2>\r\n\r\n<p>&nbsp;<\/p>\r\n\r\n<p>Kimli\u011finizi belirli ya da belirlenebilir k\u0131lan her t\u00fcrl\u00fc bilgi \u201c<strong>ki\u015fisel veri<\/strong>\u201ddir. \u0130nternet sitemizi ziyaretiniz kapsam\u0131nda ki\u015fisel verileriniz Kanun\u2019da yer alan veri i\u015fleme \u015fartlar\u0131na uygun olarak \u0130nternet Sitemizi ziyaret etmeniz dolay\u0131s\u0131yla teknik ileti\u015fim dosyalar\u0131 olan \u00e7erezler vas\u0131tas\u0131yla toplanabilmektedir. Keza ziyaret istatistikleriniz analitik istatistik siteleriyle payla\u015f\u0131labilmektedir.<\/p>\r\n\r\n<p>&nbsp;<\/p>\r\n\r\n<h2 class=\"wp-block-heading\">1.5\u00a0\u00a0\u00a0\u00a0\u00a0\u00a0 Veri Sahiplerinin Haklar\u0131<\/h2>\r\n\r\n<p>&nbsp;<\/p>\r\n\r\n<p>Ki\u015fisel veri sahibi olarak Kanun\u2019un 11. maddesi uyar\u0131nca a\u015fa\u011f\u0131daki haklara sahip oldu\u011funuzu bildiririz:<\/p>\r\n\r\n<p>&nbsp;<\/p>\r\n\r\n<ul class=\"wp-block-list\">\r\n<li>Ki\u015fisel verilerinizin i\u015flenip i\u015flenmedi\u011fini \u00f6\u011frenme,<\/li>\r\n<li>Ki\u015fisel verileriniz i\u015flenmi\u015fse buna ili\u015fkin bilgi talep etme,<\/li>\r\n<li>Ki\u015fisel verilerinizin i\u015flenme amac\u0131n\u0131 ve bunlar\u0131n amac\u0131na uygun kullan\u0131l\u0131p kullan\u0131lmad\u0131\u011f\u0131n\u0131 \u00f6\u011frenme,<\/li>\r\n<li>Yurt i\u00e7inde veya yurt d\u0131\u015f\u0131nda ki\u015fisel verilerinizin aktar\u0131ld\u0131\u011f\u0131 \u00fc\u00e7\u00fcnc\u00fc ki\u015fileri bilme,<\/li>\r\n<li>Ki\u015fisel verilerinizin eksik veya yanl\u0131\u015f i\u015flenmi\u015f olmas\u0131 h\u00e2linde bunlar\u0131n d\u00fczeltilmesini isteme ve bu kapsamda yap\u0131lan i\u015flemin ki\u015fisel verilerinizin aktar\u0131ld\u0131\u011f\u0131 \u00fc\u00e7\u00fcnc\u00fc ki\u015filere bildirilmesini isteme,<\/li>\r\n<li>Kanun\u2019a ve ilgili di\u011fer kanun h\u00fck\u00fcmlerine uygun olarak i\u015flenmi\u015f olmas\u0131na ra\u011fmen, i\u015flenmesini gerektiren sebeplerin ortadan kalkmas\u0131 h\u00e2linde ki\u015fisel verilerin silinmesini veya yok edilmesini isteme ve bu kapsamda yap\u0131lan i\u015flemin ki\u015fisel verilerinizin aktar\u0131ld\u0131\u011f\u0131 \u00fc\u00e7\u00fcnc\u00fc ki\u015filere bildirilmesini isteme,<\/li>\r\n<li>\u0130\u015flenen verilerin m\u00fcnhas\u0131ran otomatik sistemler vas\u0131tas\u0131yla analiz edilmesi suretiyle aleyhinize bir sonucun ortaya \u00e7\u0131kmas\u0131 durumunda buna itiraz etme,<\/li>\r\n<li>Ki\u015fisel verilerinizin kanuna ayk\u0131r\u0131 olarak i\u015flenmesi sebebiyle zarara u\u011framan\u0131z h\u00e2linde zarar\u0131n giderilmesini talep etme.<\/li>\r\n<\/ul>\r\n\r\n<p>&nbsp;<\/p>\r\n\r\n<p>Yukar\u0131da s\u0131ralanan haklar\u0131n\u0131za y\u00f6nelik ba\u015fvurular\u0131n\u0131z\u0131, <a href=\"http:\/\/www.cetsaniplik.com\"><strong>www.cetsaniplik.com<\/strong><\/a> sitesinden ula\u015fabilece\u011finiz <strong>\u00c7ETSAN \u0130PL\u0130K TEKST\u0130L \u0130N\u015e. MADENC\u0130L\u0130K SANAY\u0130 ve T\u0130CARET LTD. \u015eT\u0130. <\/strong>\u00a0<strong>Veri Sahibi Ba\u015fvuru Formu<\/strong>\u2019nu doldurarak \u015eirketimize iletebilirsiniz. Talebinizin niteli\u011fine g\u00f6re en k\u0131sa s\u00fcrede ve en ge\u00e7 otuz g\u00fcn i\u00e7inde ba\u015fvurular\u0131n\u0131z \u00fccretsiz olarak sonu\u00e7land\u0131r\u0131lacakt\u0131r; ancak i\u015flemin ayr\u0131ca bir maliyet gerektirmesi halinde Ki\u015fisel Verileri Koruma Kurulu taraf\u0131ndan belirlenecek tarifeye g\u00f6re taraf\u0131n\u0131zdan \u00fccret talep edilebilecektir.<\/p>\r\n\r\n<p>&nbsp;<\/p>\r\n\r\n<h2 class=\"wp-block-heading\">1.6\u00a0\u00a0\u00a0\u00a0\u00a0\u00a0 \u00c7erez Politikas\u0131 Hakk\u0131nda<\/h2>\r\n\r\n<p>&nbsp;<\/p>\r\n\r\n<p>Bu \u00c7erez Politikas\u0131, \u00e7erezlerin ne oldu\u011funu ve bunlar\u0131 nas\u0131l kulland\u0131\u011f\u0131m\u0131z\u0131 a\u00e7\u0131klar. \u00c7erezlerin ne oldu\u011funu, bunlar\u0131 nas\u0131l kulland\u0131\u011f\u0131m\u0131z\u0131, kulland\u0131\u011f\u0131m\u0131z \u00e7erez t\u00fcrlerini, yani \u00e7erezleri kullanarak toplad\u0131\u011f\u0131m\u0131z bilgileri ve bu bilgilerin nas\u0131l kullan\u0131ld\u0131\u011f\u0131n\u0131 ve \u00e7erez tercihlerinin nas\u0131l kontrol edilece\u011fini anlamak i\u00e7in bu politikay\u0131 okumal\u0131s\u0131n\u0131z. Ki\u015fisel verilerinizi nas\u0131l kulland\u0131\u011f\u0131m\u0131z, saklad\u0131\u011f\u0131m\u0131z ve saklad\u0131\u011f\u0131m\u0131z hakk\u0131nda daha fazla bilgi i\u00e7in, Gizlilik Politikam\u0131za bak\u0131n. \u0130stedi\u011finiz zaman web sitemizdeki <strong>\u00c7erez Bildirimi&#8217;ndeki<\/strong> onay\u0131n\u0131z\u0131 de\u011fi\u015ftirebilir veya geri \u00e7ekebilirsiniz.<\/p>\r\n\r\n<p>&nbsp;<\/p>\r\n\r\n<p>Kim oldu\u011fumuz, bizimle nas\u0131l ileti\u015fim kurabilece\u011finiz ve Gizlilik Politikam\u0131zdaki ki\u015fisel verileri nas\u0131l i\u015fledi\u011fimiz hakk\u0131nda daha fazla bilgi edinin.<\/p>\r\n\r\n<p>&nbsp;<\/p>\r\n\r\n<p>\u0130zniniz a\u015fa\u011f\u0131daki alanlara uygulan\u0131r:<\/p>\r\n\r\n<p>&nbsp;<\/p>\r\n\r\n<figure class=\"wp-block-table\">\r\n<table>\r\n<tbody>\r\n<tr>\r\n<td>1. <a href=\"http:\/\/www.cetsaniplik.com\"><strong>www.cetsaniplik.com<\/strong><\/a> sizin sitenizin domain adresi<\/td>\r\n<\/tr>\r\n<tr>\r\n<td>2. google.com<\/td>\r\n<\/tr>\r\n<tr>\r\n<td>\u00a0<\/td>\r\n<\/tr>\r\n<tr>\r\n<td>\u00a0<\/td>\r\n<\/tr>\r\n<tr>\r\n<td>\u00a0<\/td>\r\n<\/tr>\r\n<\/tbody>\r\n<\/table>\r\n<\/figure>\r\n\r\n<p>&nbsp;<\/p>\r\n\r\n<p>\u00c7erez Nedir?<\/p>\r\n\r\n<p>&nbsp;<\/p>\r\n\r\n<p>\u00c7erezler, k\u00fc\u00e7\u00fck bilgileri saklamak i\u00e7in kullan\u0131lan k\u00fc\u00e7\u00fck metin dosyalar\u0131d\u0131r. Web sitesi taray\u0131c\u0131n\u0131za y\u00fcklendi\u011finde, \u00e7erezler cihaz\u0131n\u0131zda saklan\u0131r. Bu \u00e7erezler, web sitesinin d\u00fczg\u00fcn \u00e7al\u0131\u015fmas\u0131n\u0131 sa\u011flamam\u0131za, web sitesini daha g\u00fcvenli hale getirmemize, daha iyi bir kullan\u0131c\u0131 deneyimi sunmam\u0131za ve web sitesinin nas\u0131l performans g\u00f6sterdi\u011fini ve neyin i\u015fe yarad\u0131\u011f\u0131n\u0131 ve iyile\u015ftirilmesi gereken yerleri analiz etmemizi sa\u011flar.<\/p>\r\n\r\n<p>&nbsp;<\/p>\r\n\r\n<p>\u0130nternet sitemizden en verimli \u015fekilde faydalanabilmeniz ve kullan\u0131c\u0131 deneyiminizi\u00a0geli\u015ftirebilmek i\u00e7in \u00c7erez kullan\u0131yoruz. \u00c7erez kullan\u0131lmas\u0131n\u0131 tercih etmezseniz\u00a0taray\u0131c\u0131n\u0131z\u0131n ayarlar\u0131ndan \u00c7erezleri silebilir ya da engelleyebilirsiniz. Ancak bunun\u00a0internet sitemizi kullan\u0131m\u0131n\u0131z\u0131 etkileyebilece\u011fini hat\u0131rlatmak isteriz. Taray\u0131c\u0131n\u0131zdan \u00c7erez\u00a0ayarlar\u0131n\u0131z\u0131 de\u011fi\u015ftirmedi\u011finiz s\u00fcrece bu sitede \u00e7erez kullan\u0131m\u0131n\u0131 kabul etti\u011finizi\u00a0varsayaca\u011f\u0131z.<\/p>\r\n\r\n<p>&nbsp;<\/p>\r\n\r\n<h2 class=\"wp-block-heading\">1.7\u00a0\u00a0\u00a0\u00a0\u00a0\u00a0 \u00c7erezleri Nas\u0131l Kullan\u0131yoruz ?<\/h2>\r\n\r\n<p>&nbsp;<\/p>\r\n\r\n<p>Web sitelerimizde kullan\u0131lan \u00fc\u00e7\u00fcnc\u00fc taraf \u00e7erezleri, temel olarak web sitesinin nas\u0131l performans g\u00f6sterdi\u011fini, web sitemizle nas\u0131l etkile\u015fimde bulundu\u011funuzu, hizmetlerimizi g\u00fcvende tutmak, sizinle alakal\u0131 reklamlar sunmak ve hepsinde size daha iyi ve daha iyi bir hizmet sunmak i\u00e7in kullan\u0131l\u0131r. kullan\u0131c\u0131 deneyimi ve web sitemizle gelecekteki etkile\u015fimlerinizi h\u0131zland\u0131rmaya yard\u0131mc\u0131 olur.<\/p>\r\n\r\n<p>&nbsp;<\/p>\r\n\r\n<p>\u00c7erezler, ziyaret etti\u011finiz internet siteleri taraf\u0131ndan taray\u0131c\u0131lar arac\u0131l\u0131\u011f\u0131yla cihaz\u0131n\u0131za veya a\u011f sunucusuna depolanan k\u00fc\u00e7\u00fck metin dosyalar\u0131d\u0131r.<\/p>\r\n\r\n<p>&nbsp;<\/p>\r\n\r\n<p>\u0130nternet Sitemizde \u00e7erez kullan\u0131lmas\u0131n\u0131n ba\u015fl\u0131ca ama\u00e7lar\u0131 a\u015fa\u011f\u0131da s\u0131ralanmaktad\u0131r:<\/p>\r\n\r\n<p>&nbsp;<\/p>\r\n\r\n<p>\u2013 \u0130nternet sitesinin i\u015flevselli\u011fini ve performans\u0131n\u0131 artt\u0131rmak yoluyla sizlere sunulan hizmetleri geli\u015ftirmek,<\/p>\r\n\r\n<p>&nbsp;<\/p>\r\n\r\n<p>\u2013 \u0130nternet Sitesini iyile\u015ftirmek ve \u0130nternet Sitesi \u00fczerinden yeni \u00f6zellikler sunmak ve sunulan \u00f6zellikleri sizlerin tercihlerine g\u00f6re ki\u015fiselle\u015ftirmek;<\/p>\r\n\r\n<p>&nbsp;<\/p>\r\n\r\n<p>\u2013 \u0130nternet Sitesinin, sizin ve \u015eirketimizin hukuki ve ticari g\u00fcvenli\u011finin teminini sa\u011flamak.<\/p>\r\n\r\n<p>&nbsp;<\/p>\r\n\r\n<h2 class=\"wp-block-heading\">1.8\u00a0\u00a0\u00a0\u00a0\u00a0\u00a0 Ne t\u00fcr \u00e7erezler kullan\u0131yoruz?<\/h2>\r\n\r\n<p>&nbsp;<\/p>\r\n\r\n<p>\u00c7evrimi\u00e7i hizmetlerin \u00e7o\u011fu gibi, web sitemiz \u00e7erezler i\u00e7in bir dizi ama\u00e7 i\u00e7in birinci ve \u00fc\u00e7\u00fcnc\u00fc taraf \u00e7erezleri kullan\u0131r. Birinci taraf \u00e7erezleri \u00e7o\u011funlukla web sitesinin do\u011fru \u015fekilde \u00e7al\u0131\u015fmas\u0131 i\u00e7in gereklidir ve ki\u015fisel olarak tan\u0131mlanabilir verilerinizin hi\u00e7birini toplamazlar. Temel: Sitemizin t\u00fcm i\u015flevselli\u011fini tecr\u00fcbe edebilmeniz i\u00e7in baz\u0131 \u00e7erezler zorunludur. Kullan\u0131c\u0131 oturumlar\u0131n\u0131 s\u00fcrd\u00fcrmemize ve g\u00fcvenlik tehditlerini \u00f6nlememize izin veriyorlar. Ki\u015fisel bilgiler toplamaz veya saklamazlar. \u00d6rne\u011fin, bu \u00e7erezler hesab\u0131n\u0131za giri\u015f yapman\u0131z\u0131 ve sepetinize \u00fcr\u00fcn eklemenizi ve g\u00fcvenli bir \u015fekilde \u00f6deme yapman\u0131z\u0131 sa\u011flar.<\/p>\r\n\r\n<p>&nbsp;<\/p>\r\n\r\n<p>\u0130statistikler: Bu \u00e7erezler, web sitesine gelen ziyaret\u00e7i say\u0131s\u0131, benzersiz ziyaret\u00e7i say\u0131s\u0131, web sitesinin hangi sayfalar\u0131n\u0131n ziyaret edildi\u011fi, ziyaretin kayna\u011f\u0131 vb. Gibi bilgileri depolar. Bu veriler, web sitesinin ne kadar iyi performans g\u00f6sterdi\u011fini ve analiz etmemize yard\u0131mc\u0131 olur. iyile\u015ftirilmesi gereken yer.<\/p>\r\n\r\n<p>&nbsp;<\/p>\r\n\r\n<p>Pazarlama: Web sitemiz reklam veriyor. Bu \u00e7erezler, size g\u00f6sterdi\u011fimiz reklamlar\u0131 sizin i\u00e7in anlaml\u0131 olacak \u015fekilde ki\u015fiselle\u015ftirmek i\u00e7in kullan\u0131l\u0131r. Bu \u00e7erezler ayr\u0131ca bu reklam kampanyalar\u0131n\u0131n verimlili\u011fini takip etmemize yard\u0131mc\u0131 olur.<\/p>\r\n\r\n<p>&nbsp;<\/p>\r\n\r\n<p>Bu \u00e7erezlerde depolanan bilgiler, \u00fc\u00e7\u00fcnc\u00fc taraf reklam sa\u011flay\u0131c\u0131lar\u0131 taraf\u0131ndan size taray\u0131c\u0131daki di\u011fer web sitelerinde reklam g\u00f6stermek i\u00e7in de kullan\u0131labilir.<\/p>\r\n\r\n<p>&nbsp;<\/p>\r\n\r\n<p>\u0130\u015flevsel: Bunlar, web sitemizdeki baz\u0131 \u00f6nemli olmayan i\u015flevlere yard\u0131mc\u0131 olan \u00e7erezlerdir. Bu i\u015flevler aras\u0131nda videolar gibi i\u00e7erik yerle\u015ftirme veya web sitesindeki i\u00e7erikleri sosyal medya platformlar\u0131nda payla\u015fma yer al\u0131r.<\/p>\r\n\r\n<p>&nbsp;<\/p>\r\n\r\n<p>Tercihler: Bu \u00e7erezler ayarlar\u0131n\u0131z\u0131 kaydetmemize ve dil tercihleri gibi tarama tercihlerinizi belirlememize yard\u0131mc\u0131 olur, b\u00f6ylece web sitesine gelecekteki ziyaretlerinizde daha iyi ve verimli bir deneyime sahip olursunuz.<\/p>\r\n\r\n<p>&nbsp;<\/p>\r\n\r\n<p>Kullan\u0131lan \u00c7erezler ve ne ama\u00e7la kullan\u0131ld\u0131klar\u0131:<\/p>\r\n\r\n<p>&nbsp;<\/p>\r\n\r\n<figure class=\"wp-block-table\">\r\n<table>\r\n<thead>\r\n<tr>\r\n<td><strong>\u00c7erez<\/strong><\/td>\r\n<td><strong>A\u00e7\u0131klama<\/strong><\/td>\r\n<\/tr>\r\n<tr>\r\n<td><strong>\u2026.<\/strong><\/td>\r\n<td><strong>\u2026<\/strong><\/td>\r\n<\/tr>\r\n<tr>\r\n<td><strong>\u00a0<\/strong><\/td>\r\n<td><strong>\u00a0<\/strong><\/td>\r\n<\/tr>\r\n<\/thead>\r\n<\/table>\r\n<\/figure>\r\n\r\n<p>&nbsp;<\/p>\r\n\r\n<h2 class=\"wp-block-heading\">1.9\u00a0\u00a0\u00a0\u00a0\u00a0\u00a0 \u00c7erez Tercihlerini Nas\u0131l Kontrol Edebilirim ?<\/h2>\r\n\r\n<p>&nbsp;<\/p>\r\n\r\n<p>Buna ek olarak, farkl\u0131 taray\u0131c\u0131lar web siteleri taraf\u0131ndan kullan\u0131lan \u00e7erezleri engellemek ve silmek i\u00e7in farkl\u0131 y\u00f6ntemler sunar. \u00c7erezleri engellemek \/ silmek i\u00e7in taray\u0131c\u0131n\u0131z\u0131n ayarlar\u0131n\u0131 de\u011fi\u015ftirebilirsiniz. Tan\u0131mlama bilgilerinin nas\u0131l y\u00f6netilece\u011fi ve silinece\u011fi hakk\u0131nda daha fazla bilgi edinmek i\u00e7in <a href=\"http:\/\/wikipedia.org\">wikipedia.org<\/a>, <a href=\"http:\/\/www.allaboutcookies.org\">www.allaboutcookies.org<\/a> adresini ziyaret edin.<\/p>\r\n\r\n<p>&nbsp;<\/p>\r\n\r\n<h2 class=\"wp-block-heading\">1.10\u00a0\u00a0 \u0130nternet Sitemizde Kullan\u0131lan \u00c7erez T\u00fcrleri<\/h2>\r\n\r\n<p>&nbsp;<\/p>\r\n\r\n<figure class=\"wp-block-table\">\r\n<table>\r\n<tbody>\r\n<tr>\r\n<td>Oturum \u00c7erezleri <em>(Session Cookies)<\/em><\/td>\r\n<td>Oturum \u00e7erezleri ziyaret\u00e7ilerimizin \u0130nternet Sitesini ziyaretleri s\u00fcresince kullan\u0131lan, taray\u0131c\u0131 kapat\u0131ld\u0131ktan sonra silinen ge\u00e7ici \u00e7erezlerdir. Bu t\u00fcr \u00e7erezlerin kullan\u0131lmas\u0131n\u0131n temel amac\u0131 ziyaretiniz s\u00fcresince \u0130nternet Sitesinin d\u00fczg\u00fcn bir bi\u00e7imde \u00e7al\u0131\u015fmas\u0131n\u0131n teminini sa\u011flamakt\u0131r. \u00d6rne\u011fin; birden fazla sayfadan olu\u015fan \u00e7evrimi\u00e7i formlar\u0131 doldurman\u0131z\u0131n sa\u011flanmaktad\u0131r.<\/td>\r\n<\/tr>\r\n<tr>\r\n<td>Kal\u0131c\u0131 \u00c7erezler <em>(Persistent Cookies)<\/em><\/td>\r\n<td>Kal\u0131c\u0131 \u00e7erezler \u0130nternet Sitesinin i\u015flevselli\u011fini art\u0131rmak, ziyaret\u00e7ilerimize daha h\u0131zl\u0131 ve iyi bir hizmet sunmak amac\u0131yla kullan\u0131lan \u00e7erez t\u00fcrleridir. Bu t\u00fcr \u00e7erezler tercihlerinizi hat\u0131rlamak i\u00e7in kullan\u0131l\u0131r ve taray\u0131c\u0131lar vas\u0131tas\u0131yla cihaz\u0131n\u0131zda depolan\u0131r. Kal\u0131c\u0131 \u00e7erezlerin baz\u0131 t\u00fcrleri; \u0130nternet Sitesini kullan\u0131m amac\u0131n\u0131z gibi hususlar g\u00f6z \u00f6n\u00fcnde bulundurarak sizlere \u00f6zel \u00f6neriler sunulmas\u0131 i\u00e7in kullan\u0131labilmektedir. Kal\u0131c\u0131 \u00e7erezler sayesinde \u0130nternet Sitemizi ayn\u0131 cihazla tekrardan ziyaret etmeniz durumunda, cihaz\u0131n\u0131zda \u0130nternet Sitemiz taraf\u0131ndan olu\u015fturulmu\u015f bir \u00e7erez olup olmad\u0131\u011f\u0131 kontrol edilir ve var ise, sizin siteyi daha \u00f6nce ziyaret etti\u011finiz anla\u015f\u0131l\u0131r ve size iletilecek i\u00e7erik bu do\u011frultuda belirlenir ve b\u00f6ylelikle sizlere daha iyi bir hizmet sunulur.<\/td>\r\n<\/tr>\r\n<\/tbody>\r\n<\/table>\r\n<\/figure>\r\n\r\n<p>&nbsp;<\/p>\r\n\r\n<h2 class=\"wp-block-heading\">1.11\u00a0\u00a0 \u0130nternet Sitemizde Kullan\u0131lan \u00c7erezler<\/h2>\r\n\r\n<p>&nbsp;<\/p>\r\n\r\n<figure class=\"wp-block-table\">\r\n<table>\r\n<tbody>\r\n<tr>\r\n<td>Teknik \u00c7erezler (<em>Technical Cookies<\/em>) \u00a0<\/td>\r\n<td>Teknik \u00e7erezler ile internet sitesinin \u00e7al\u0131\u015fmas\u0131n\u0131n sa\u011flanmakta, internet sitesinin \u00e7al\u0131\u015fmayan sayfalar\u0131 ve alanlar\u0131 tespit edilmektedir.<\/td>\r\n<\/tr>\r\n<tr>\r\n<td>Otantikasyon \u00c7erezleri (<em>Authentication Cookies<\/em>)<\/td>\r\n<td>Ziyaret\u00e7iler, \u015fifrelerini kullanarak internet sitesine giri\u015f yapmalar\u0131 durumunda, bu t\u00fcr \u00e7erezler ile, ziyaret\u00e7inin internet sitesinde ziyaret etti\u011fi her bir sayfada site kullan\u0131c\u0131s\u0131 oldu\u011fu belirlenerek, kullan\u0131c\u0131n\u0131n her sayfada \u015fifresini yeniden girmesi \u00f6nlenir.<\/td>\r\n<\/tr>\r\n<tr>\r\n<td>Flash \u00c7erezleri (<em>Flash Cookies)<\/em><\/td>\r\n<td>\u0130nternet sitesinde yer alan g\u00f6r\u00fcnt\u00fc veya ses i\u00e7eriklerini etkinle\u015ftirmek i\u00e7in kullan\u0131lan \u00e7erez t\u00fcrleridir.<\/td>\r\n<\/tr>\r\n<tr>\r\n<td>Ki\u015fiselle\u015ftirme \u00c7erezleri (<em>Customization Cookies)<\/em><\/td>\r\n<td>Kullan\u0131c\u0131lar\u0131n tercihlerini farkl\u0131 internet sitesinin farkl\u0131 sayfalar\u0131n\u0131 ziyarette de hat\u0131rlamak i\u00e7in kullan\u0131lan \u00e7erezlerdir. \u00d6rne\u011fin, se\u00e7mi\u015f oldu\u011funuz dil tercihinizin hat\u0131rlanmas\u0131.<\/td>\r\n<\/tr>\r\n<tr>\r\n<td>Analitik \u00c7erezler (<em>Analytical Cookies)<\/em><\/td>\r\n<td>Analitik \u00e7erezler ile internet sitesini ziyaret edenlerin say\u0131lar\u0131, internet sitesinde g\u00f6r\u00fcnt\u00fclenen sayfalar\u0131n tespiti, internet sitesi ziyaret saatleri, internet sitesi sayfalar\u0131 kayd\u0131rma hareketleri gibi analitik sonu\u00e7lar\u0131n \u00fcretimini sa\u011flayan \u00e7erezlerdir.<\/td>\r\n<\/tr>\r\n<\/tbody>\r\n<\/table>\r\n<\/figure>\r\n\r\n<p>&nbsp;<\/p>\r\n\r\n<h2 class=\"wp-block-heading\">1.12\u00a0\u00a0 \u00c7erezlerin Kullan\u0131m\u0131 Veri Sahipleri Taraf\u0131ndan Engellenebilir Mi?<\/h2>\r\n\r\n<p>&nbsp;<\/p>\r\n\r\n<p>Taray\u0131c\u0131n\u0131z\u0131n ayarlar\u0131n\u0131 de\u011fi\u015ftirerek \u00e7erezlere ili\u015fkin tercihlerinizi ki\u015fiselle\u015ftirme imkan\u0131na sahipsiniz.<\/p>\r\n\r\n<p>&nbsp;<\/p>\r\n\r\n<figure class=\"wp-block-table\">\r\n<table>\r\n<tbody>\r\n<tr>\r\n<td>\u00a0Adobe Analytics<\/td>\r\n<td><a href=\"http:\/\/www.adobe.com\/uk\/privacy\/opt-out.html\"><strong>http:\/\/www.adobe.com\/uk\/privacy\/opt-out.html<\/strong><\/a> \u00a0<\/td>\r\n<\/tr>\r\n<tr>\r\n<td>\u00a0AOL<\/td>\r\n<td><a href=\"https:\/\/help.aol.com\/articles\/restore-security-settings-and-enable-cookie-settings-on-browser\"><strong>https:\/\/help.aol.com\/articles\/restore-security-settings-and-enable-cookie-settings-on-browser<\/strong><\/a><\/td>\r\n<\/tr>\r\n<tr>\r\n<td>\u00a0Google Adwords<\/td>\r\n<td><a href=\"https:\/\/support.google.com\/ads\/answer\/2662922?hl=en\"><strong>https:\/\/support.google.com\/ads\/answer\/2662922?hl=en<\/strong><\/a><\/td>\r\n<\/tr>\r\n<tr>\r\n<td>\u00a0Google Analytics<\/td>\r\n<td><a href=\"https:\/\/tools.google.com\/dlpage\/gaoptout\"><strong>https:\/\/tools.google.com\/dlpage\/gaoptout<\/strong><\/a><\/td>\r\n<\/tr>\r\n<tr>\r\n<td>\u00a0Google Chrome<\/td>\r\n<td><a href=\"http:\/\/www.google.com\/support\/chrome\/bin\/answer.py?hl=en&amp;answer=95647\"><strong>http:\/\/www.google.com\/support\/chrome\/bin\/answer.py?hl=en&amp;answer=95647<\/strong><\/a> \u00a0<\/td>\r\n<\/tr>\r\n<tr>\r\n<td>\u00a0Internet Explorer<\/td>\r\n<td><a href=\"https:\/\/support.microsoft.com\/en-us\/help\/17442\/windows-internet-explorer-delete-manage-cookies\"><strong>https:\/\/support.microsoft.com\/en-us\/help\/17442\/windows-internet-explorer-delete-manage-cookies<\/strong><\/a><\/td>\r\n<\/tr>\r\n<tr>\r\n<td>\u00a0Mozilla Firefox<\/td>\r\n<td><a href=\"http:\/\/support.mozilla.com\/en-US\/kb\/Cookies\"><strong>http:\/\/support.mozilla.com\/en-US\/kb\/Cookies<\/strong><\/a> \u00a0<\/td>\r\n<\/tr>\r\n<tr>\r\n<td>\u00a0Opera<\/td>\r\n<td><a href=\"http:\/\/www.opera.com\/browser\/tutorials\/security\/privacy\/\"><strong>http:\/\/www.opera.com\/browser\/tutorials\/security\/privacy\/<\/strong><\/a> \u00a0<\/td>\r\n<\/tr>\r\n<tr>\r\n<td>\u00a0Safari<\/td>\r\n<td><a href=\"https:\/\/support.apple.com\/kb\/ph19214?locale=tr_TR\"><strong>https:\/\/support.apple.com\/kb\/ph19214?locale=tr_TR<\/strong><\/a><\/td>\r\n<\/tr>\r\n<\/tbody>\r\n<\/table>\r\n<\/figure>\r\n\r\n<p>&nbsp;<\/p>\r\n\r\n<h2 class=\"wp-block-heading\">1.13\u00a0\u00a0 \u0130nternet Sitesi Gizlilik Politikas\u0131\u2019n\u0131n Y\u00fcr\u00fcrl\u00fc\u011f\u00fc<\/h2>\r\n\r\n<p>&nbsp;<\/p>\r\n\r\n<p>\u0130nternet Sitesi Gizlilik Politikas\u0131 19\/06\/2015 tarihlidir. Politika\u2019n\u0131n t\u00fcm\u00fcn\u00fcn veya belirli maddelerinin yenilenmesi durumunda Politika\u2019n\u0131n y\u00fcr\u00fcrl\u00fck tarihi g\u00fcncellenecektir.<\/p>\r\n\r\n<p>&nbsp;<\/p>\r\n\r\n<p>Politika \u015eirket internet sitesinde \u201c<a href=\"http:\/\/www.cetsaniplik.com\"><strong>www.cetsaniplik.com<\/strong><\/a>\u201d yay\u0131mlan\u0131r ve ki\u015fisel veri sahiplerinin talebi \u00fczerine ilgili ki\u015filerin eri\u015fimine sunulur.<\/p>\r\n\r\n<p>&nbsp;<\/p>\r\n\r\n<p>Ki\u015fisel verilerinizin i\u015flenmesine ili\u015fkin detayl\u0131 bilgilere\u00a0\u015eirketimize ait <a href=\"http:\/\/www.cetsaniplik.com\"><strong>www.cetsaniplik.com<\/strong><\/a>sitesinde yer alan KVKK POL\u0130T\u0130KASI sayfas\u0131ndan ula\u015fabilirsiniz.<\/p>","protected":false},"excerpt":{"rendered":"<p>1. \u0130NTERNET S\u0130TES\u0130 G\u0130ZL\u0130L\u0130K VE \u00c7EREZ POL\u0130T\u0130KASI\u00a0 &nbsp; \u00c7ETSAN \u0130PL\u0130K TEKST\u0130L \u0130N\u015e. MADENC\u0130L\u0130K SANAY\u0130 ve T\u0130CARET LTD. \u015eT\u0130. taraf\u0131ndan i\u015fletilen<a class=\"read-more\" href=\"https:\/\/www.cetsaniplik.com\/en\/gizlilik-ve-cerez-politikasi\">&#8230;<\/a><\/p>\n","protected":false},"author":1,"featured_media":0,"parent":0,"menu_order":0,"comment_status":"closed","ping_status":"closed","template":"","meta":{"footnotes":""},"class_list":["post-148","page","type-page","status-publish","hentry"],"_links":{"self":[{"href":"https:\/\/www.cetsaniplik.com\/en\/wp-json\/wp\/v2\/pages\/148","targetHints":{"allow":["GET"]}}],"collection":[{"href":"https:\/\/www.cetsaniplik.com\/en\/wp-json\/wp\/v2\/pages"}],"about":[{"href":"https:\/\/www.cetsaniplik.com\/en\/wp-json\/wp\/v2\/types\/page"}],"author":[{"embeddable":true,"href":"https:\/\/www.cetsaniplik.com\/en\/wp-json\/wp\/v2\/users\/1"}],"replies":[{"embeddable":true,"href":"https:\/\/www.cetsaniplik.com\/en\/wp-json\/wp\/v2\/comments?post=148"}],"version-history":[{"count":19,"href":"https:\/\/www.cetsaniplik.com\/en\/wp-json\/wp\/v2\/pages\/148\/revisions"}],"predecessor-version":[{"id":167,"href":"https:\/\/www.cetsaniplik.com\/en\/wp-json\/wp\/v2\/pages\/148\/revisions\/167"}],"wp:attachment":[{"href":"https:\/\/www.cetsaniplik.com\/en\/wp-json\/wp\/v2\/media?parent=148"}],"curies":[{"name":"wp","href":"https:\/\/api.w.org\/{rel}","templated":true}]}}